{"id":257,"date":"2025-11-10T19:39:22","date_gmt":"2025-11-10T19:39:22","guid":{"rendered":"https:\/\/puhkukuslohusalus.ee\/services\/"},"modified":"2025-11-11T07:35:48","modified_gmt":"2025-11-11T07:35:48","slug":"services","status":"publish","type":"page","link":"https:\/\/puhkukuslohusalus.ee\/?page_id=257","title":{"rendered":"Pakume"},"content":{"rendered":"\n<div class=\"wp-block-uagb-container uagb-block-48f09e77 alignfull uagb-is-root-container\"><div class=\"uagb-container-inner-blocks-wrap\">\n<div class=\"wp-block-uagb-advanced-heading uagb-block-a606d50e\"><p class=\"uagb-desc-text\">Teenused<\/p><h1 class=\"uagb-heading-text\">Meie pakutavad teenused ja mugavused<\/h1><\/div>\n<\/div><\/div>\n\n\n\n<div class=\"wp-block-uagb-container uagb-block-3ec541a0 alignfull uagb-is-root-container\"><\/div>\n\n\n\n<div class=\"wp-block-uagb-container uagb-layout-grid uagb-block-12fd4239 alignfull uagb-is-root-container\"><div class=\"uagb-container-inner-blocks-wrap\">\n<div class=\"wp-block-uagb-container uagb-block-a3523138\">\n<div class=\"wp-block-uagb-container uagb-block-84397a27\">\n<div class=\"wp-block-uagb-info-box uagb-block-c22e056a uagb-infobox__content-wrap  uagb-infobox-icon-above-title uagb-infobox-image-valign-top\"><div class=\"uagb-ifb-content\"><div class=\"uagb-ifb-title-wrap\"><span class=\"uagb-ifb-title-prefix\">01<\/span><h2 class=\"uagb-ifb-title\">Hubane majutus<\/h2><\/div><p class=\"uagb-ifb-desc\">Pakume mugavat majutust kaunis Ristikivi majas, kus on avarad toad, privaatne \u00f5ueala ning k\u00f5ik, mis vajalik, et veeta rahulik puhkus looduse keskel.<\/p><\/div><\/div>\n<\/div>\n<\/div>\n\n\n\n<div class=\"wp-block-uagb-container uagb-block-eba8c6c3\">\n<div class=\"wp-block-uagb-container uagb-block-61148c21\">\n<div class=\"wp-block-uagb-info-box uagb-block-12a281e5 uagb-infobox__content-wrap  uagb-infobox-icon-above-title uagb-infobox-image-valign-top\"><div class=\"uagb-ifb-content\"><div class=\"uagb-ifb-title-wrap\"><span class=\"uagb-ifb-title-prefix\">02<\/span><h2 class=\"uagb-ifb-title\">Vaba aja tegevused<\/h2><\/div><p class=\"uagb-ifb-desc\">Meie k\u00fclalised saavad nautida jalutusk\u00e4ike ja rattas\u00f5ite kaunites m\u00e4nnimetsades, mis \u00fcmbritsevad meie maja, pakkudes suurep\u00e4raseid v\u00f5imalusi looduse avastamiseks.<\/p><\/div><\/div>\n<\/div>\n<\/div>\n\n\n\n<div class=\"wp-block-uagb-container uagb-block-8b02ff98\">\n<div class=\"wp-block-uagb-container uagb-block-88492b83\">\n<div class=\"wp-block-uagb-info-box uagb-block-e0058836 uagb-infobox__content-wrap  uagb-infobox-icon-above-title uagb-infobox-image-valign-top\"><div class=\"uagb-ifb-content\"><div class=\"uagb-ifb-title-wrap\"><span class=\"uagb-ifb-title-prefix\">03<\/span><h2 class=\"uagb-ifb-title\">L\u00f5kke- ja grillimisala<\/h2><\/div><p class=\"uagb-ifb-desc\">Meie territooriumil on m\u00f5nus l\u00f5kke- ja grillimisala, kus saad koos s\u00f5prade v\u00f5i perega nautida maitsvaid grilltoite ja veeta toredaid \u00f5htuid t\u00e4htede all.<\/p><\/div><\/div>\n<\/div>\n<\/div>\n\n\n\n<div class=\"wp-block-uagb-container uagb-block-2d2a457d\">\n<div class=\"wp-block-uagb-container uagb-block-1eded840\">\n<div class=\"wp-block-uagb-info-box uagb-block-47753ddb uagb-infobox__content-wrap  uagb-infobox-icon-above-title uagb-infobox-image-valign-top\"><div class=\"uagb-ifb-content\"><div class=\"uagb-ifb-title-wrap\"><span class=\"uagb-ifb-title-prefix\">04<\/span><h2 class=\"uagb-ifb-title\">Aktiviteedid Looduses<\/h2><\/div><p class=\"uagb-ifb-desc\">Ajaga kohandatud loodustegevused, sealhulgas matkamine ja suplus, aitavad sul looduse ilu t\u00e4ielikult nautida ning puhata nii keha kui vaimu Lohusalus.<\/p><\/div><\/div>\n<\/div>\n<\/div>\n<\/div><\/div>\n\n\n\n<div class=\"wp-block-uagb-container uagb-block-9c27b936 alignfull uagb-is-root-container\"><div class=\"uagb-container-inner-blocks-wrap\">\n<div class=\"wp-block-uagb-info-box uagb-block-51fe0c8f uagb-infobox__content-wrap  uagb-infobox-icon-above-title uagb-infobox-image-valign-top\"><div class=\"uagb-ifb-content\"><div class=\"uagb-ifb-title-wrap\"><h2 class=\"uagb-ifb-title\">\u00c4ra j\u00e4ta kasutamata v\u00f5imalust!<\/h2><\/div><p class=\"uagb-ifb-desc\">Broneeri oma unistuste puhkuse kohal juba t\u00e4na ja naudi Lohusaluse rahu!<\/p><div class=\"uagb-ifb-button-wrapper wp-block-button\"><a href=\"\/contact\/\" class=\"uagb-infobox-cta-link wp-block-button__link\" target=\"_self\" rel=\"noopener noreferrer\" onclick=\"return true;\" alt=\"\"><span class=\"uagb-inline-editing\">Broneeri n\u00fc\u00fcd<\/span><\/a><\/div><\/div><\/div>\n<\/div><\/div>\n","protected":false},"excerpt":{"rendered":"<p>Teenused Meie pakutavad teenused ja mugavused<\/p>\n","protected":false},"author":1,"featured_media":0,"parent":0,"menu_order":0,"comment_status":"closed","ping_status":"closed","template":"","meta":{"_uag_custom_page_level_css":"","site-sidebar-layout":"default","site-content-layout":"","ast-site-content-layout":"default","site-content-style":"default","site-sidebar-style":"default","ast-global-header-display":"","ast-banner-title-visibility":"","ast-main-header-display":"","ast-hfb-above-header-display":"","ast-hfb-below-header-display":"","ast-hfb-mobile-header-display":"","site-post-title":"disabled","ast-breadcrumbs-content":"","ast-featured-img":"","footer-sml-layout":"","theme-transparent-header-meta":"","adv-header-id-meta":"","stick-header-meta":"","header-above-stick-meta":"","header-main-stick-meta":"","header-below-stick-meta":"","astra-migrate-meta-layouts":"default","ast-page-background-enabled":"default","ast-page-background-meta":{"desktop":{"background-color":"var(--ast-global-color-4)","background-image":"","background-repeat":"repeat","background-position":"center center","background-size":"auto","background-attachment":"scroll","background-type":"","background-media":"","overlay-type":"","overlay-color":"","overlay-opacity":"","overlay-gradient":""},"tablet":{"background-color":"","background-image":"","background-repeat":"repeat","background-position":"center center","background-size":"auto","background-attachment":"scroll","background-type":"","background-media":"","overlay-type":"","overlay-color":"","overlay-opacity":"","overlay-gradient":""},"mobile":{"background-color":"","background-image":"","background-repeat":"repeat","background-position":"center center","background-size":"auto","background-attachment":"scroll","background-type":"","background-media":"","overlay-type":"","overlay-color":"","overlay-opacity":"","overlay-gradient":""}},"ast-content-background-meta":{"desktop":{"background-color":"var(--ast-global-color-5)","background-image":"","background-repeat":"repeat","background-position":"center center","background-size":"auto","background-attachment":"scroll","background-type":"","background-media":"","overlay-type":"","overlay-color":"","overlay-opacity":"","overlay-gradient":""},"tablet":{"background-color":"var(--ast-global-color-5)","background-image":"","background-repeat":"repeat","background-position":"center center","background-size":"auto","background-attachment":"scroll","background-type":"","background-media":"","overlay-type":"","overlay-color":"","overlay-opacity":"","overlay-gradient":""},"mobile":{"background-color":"var(--ast-global-color-5)","background-image":"","background-repeat":"repeat","background-position":"center center","background-size":"auto","background-attachment":"scroll","background-type":"","background-media":"","overlay-type":"","overlay-color":"","overlay-opacity":"","overlay-gradient":""}},"footnotes":""},"class_list":["post-257","page","type-page","status-publish","hentry"],"uagb_featured_image_src":{"full":false,"thumbnail":false,"medium":false,"medium_large":false,"large":false,"1536x1536":false,"2048x2048":false},"uagb_author_info":{"display_name":"PuhkusLohusalus","author_link":"https:\/\/puhkukuslohusalus.ee\/?author=1"},"uagb_comment_info":0,"uagb_excerpt":"Teenused Meie pakutavad teenused ja mugavused","_links":{"self":[{"href":"https:\/\/puhkukuslohusalus.ee\/index.php?rest_route=\/wp\/v2\/pages\/257","targetHints":{"allow":["GET"]}}],"collection":[{"href":"https:\/\/puhkukuslohusalus.ee\/index.php?rest_route=\/wp\/v2\/pages"}],"about":[{"href":"https:\/\/puhkukuslohusalus.ee\/index.php?rest_route=\/wp\/v2\/types\/page"}],"author":[{"embeddable":true,"href":"https:\/\/puhkukuslohusalus.ee\/index.php?rest_route=\/wp\/v2\/users\/1"}],"replies":[{"embeddable":true,"href":"https:\/\/puhkukuslohusalus.ee\/index.php?rest_route=%2Fwp%2Fv2%2Fcomments&post=257"}],"version-history":[{"count":4,"href":"https:\/\/puhkukuslohusalus.ee\/index.php?rest_route=\/wp\/v2\/pages\/257\/revisions"}],"predecessor-version":[{"id":552,"href":"https:\/\/puhkukuslohusalus.ee\/index.php?rest_route=\/wp\/v2\/pages\/257\/revisions\/552"}],"wp:attachment":[{"href":"https:\/\/puhkukuslohusalus.ee\/index.php?rest_route=%2Fwp%2Fv2%2Fmedia&parent=257"}],"curies":[{"name":"wp","href":"https:\/\/api.w.org\/{rel}","templated":true}]}}