{"id":255,"date":"2025-11-10T19:39:22","date_gmt":"2025-11-10T19:39:22","guid":{"rendered":"https:\/\/puhkukuslohusalus.ee\/home\/"},"modified":"2025-11-11T08:54:19","modified_gmt":"2025-11-11T08:54:19","slug":"home","status":"publish","type":"page","link":"https:\/\/puhkukuslohusalus.ee\/","title":{"rendered":"Esileht"},"content":{"rendered":"\n<div class=\"wp-block-uagb-container uagb-block-48f09e77 alignfull uagb-is-root-container\"><div class=\"uagb-container-inner-blocks-wrap\">\n<div class=\"wp-block-uagb-info-box uagb-block-707c436c uagb-infobox__content-wrap  uagb-infobox-icon-above-title uagb-infobox-image-valign-top wp-block-uagb-info-box--has-margin\"><div class=\"uagb-infobox-margin-wrapper\"><div class=\"uagb-ifb-content\"><div class=\"uagb-ifb-title-wrap\"><p class=\"uagb-ifb-title-prefix\">Id\u00fclliline puhkus<\/p><h1 class=\"uagb-ifb-title\">Naudi looduse ilu Lohusalus rannam\u00e4ndide vahel<\/h1><\/div><div class=\"uagb-ifb-button-wrapper wp-block-button\"><a href=\"contact\/\" class=\"uagb-infobox-cta-link wp-block-button__link\" target=\"_self\" rel=\"noopener noreferrer\" onclick=\"return true;\"><span class=\"uagb-inline-editing\">Broneeri n\u00fc\u00fcd<\/span><\/a><\/div><\/div><\/div><\/div>\n<\/div><\/div>\n\n\n\n<div class=\"wp-block-uagb-container uagb-block-3ec541a0 alignfull uagb-is-root-container\">\n<div class=\"wp-block-uagb-container uagb-block-ecbd7e76\">\n<div class=\"wp-block-uagb-info-box uagb-block-15ed7467 uagb-infobox__content-wrap  uagb-infobox-icon-above-title uagb-infobox-image-valign-top\"><div class=\"uagb-ifb-content\"><div class=\"uagb-ifb-title-wrap\"><p class=\"uagb-ifb-title-prefix\">Kes Me Oleme<\/p><h2 class=\"uagb-ifb-title\">Ristikivi maja \u2013 kodu rahulikuks puhkuseks ja looduse nautimiseks<\/h2><\/div><p class=\"uagb-ifb-desc\">PuhkusLohusalus pakub mugavat majutust ja rahulikku atmosf\u00e4\u00e4ri, et nautida Eesti looduskauneid kohti.<\/p><div class=\"uagb-ifb-button-wrapper wp-block-button\"><a href=\"about\/\" class=\"uagb-infobox-cta-link wp-block-button__link\" target=\"_self\" rel=\"noopener noreferrer\" onclick=\"return true;\"><span class=\"uagb-inline-editing\">Loe rohkem<\/span><\/a><\/div><\/div><\/div>\n<\/div>\n<\/div>\n\n\n\n<div class=\"wp-block-uagb-container uagb-layout-grid uagb-block-f7139a63 alignfull uagb-is-root-container\"><div class=\"uagb-container-inner-blocks-wrap\">\n<div class=\"wp-block-uagb-advanced-heading uagb-block-a606d50e\"><p class=\"uagb-desc-text\">Meie Teenused<\/p><h2 class=\"uagb-heading-text\">Avasta meie pakutavad majutus ja teenused<\/h2><\/div>\n\n\n\n<div class=\"wp-block-uagb-container uagb-block-aa0d8feb\">\n<div class=\"wp-block-uagb-advanced-heading uagb-block-ff72db2b\"><p class=\"uagb-desc-text\">01<\/p><h3 class=\"uagb-heading-text\">Hubane majutus<\/h3><\/div>\n<\/div>\n\n\n\n<div class=\"wp-block-uagb-container uagb-block-65c66f7e\">\n<div class=\"wp-block-uagb-advanced-heading uagb-block-219ae8c9\"><p class=\"uagb-desc-text\">02<\/p><h3 class=\"uagb-heading-text\">Vaba aja tegevused<\/h3><\/div>\n<\/div>\n\n\n\n<div class=\"wp-block-uagb-container uagb-block-3dd44775\">\n<div class=\"wp-block-uagb-advanced-heading uagb-block-9f2890cd\"><p class=\"uagb-desc-text\">03<\/p><h3 class=\"uagb-heading-text\">L\u00f5kke- ja grillimisala<\/h3><\/div>\n<\/div>\n<\/div><\/div>\n\n\n\n<div class=\"wp-block-uagb-container uagb-block-9eb4dadd alignfull uagb-is-root-container\"><div class=\"uagb-container-inner-blocks-wrap\">\n<div class=\"wp-block-uagb-info-box uagb-block-df377dbb uagb-infobox__content-wrap  uagb-infobox-icon-above-title uagb-infobox-image-valign-top\"><div class=\"uagb-ifb-content\"><div class=\"uagb-ifb-title-wrap\"><p class=\"uagb-ifb-title-prefix\">ootame sind<\/p><h2 class=\"uagb-ifb-title\">Tule ja avasta rahu ning ilu Lohusalus!<\/h2><\/div><div class=\"uagb-ifb-button-wrapper wp-block-button\"><a href=\"contact\/\" class=\"uagb-infobox-cta-link wp-block-button__link\" target=\"_self\" rel=\"noopener noreferrer\" onclick=\"return true;\"><span class=\"uagb-inline-editing\">Broneeri n\u00fc\u00fcd<\/span><\/a><\/div><\/div><\/div>\n<\/div><\/div>\n\n\n\n<div class=\"wp-block-uagb-container uagb-layout-grid uagb-block-d8faffdc alignfull uagb-is-root-container\"><div class=\"uagb-container-inner-blocks-wrap\">\n<div class=\"wp-block-uagb-advanced-heading uagb-block-a232c1da\"><p class=\"uagb-desc-text\">Meie Missioon<\/p><h2 class=\"uagb-heading-text\">Tagada parim puhkus oma k\u00fclalistele<\/h2><\/div>\n\n\n\n<div class=\"wp-block-uagb-container uagb-block-b3bbed70\">\n<div class=\"wp-block-uagb-advanced-heading uagb-block-80068c07\"><h3 class=\"uagb-heading-text\">Mugav majutus<\/h3><p class=\"uagb-desc-text\">Pakume mugavaid ja hubaseid tube, et saaksid nautida oma puhkust t\u00e4ielikult.<\/p><div class=\"uagb-separator\"><\/div><\/div>\n\n\n\n<div class=\"wp-block-uagb-advanced-heading uagb-block-976aaace\"><h3 class=\"uagb-heading-text\">Kaunis asukoht<\/h3><p class=\"uagb-desc-text\">Meie maja asub otse mere \u00e4\u00e4res, keskkonnas, kus on rahu ja vaikust.<\/p><div class=\"uagb-separator\"><\/div><\/div>\n\n\n\n<div class=\"wp-block-uagb-advanced-heading uagb-block-67998efb\"><h3 class=\"uagb-heading-text\">Mitmekesised tegevused<\/h3><p class=\"uagb-desc-text\">Pakume palju tegevusi, sealhulgas jalutusk\u00e4ike, rattamatku ja l\u00f5kke\u00f5htuid looduse keskel.<\/p><\/div>\n<\/div>\n<\/div><\/div>\n\n\n\n<div class=\"wp-block-uagb-container uagb-block-05becbf7 alignfull uagb-is-root-container\"><div class=\"uagb-container-inner-blocks-wrap\">\n<div class=\"wp-block-uagb-advanced-heading uagb-block-cabca6ca\"><p class=\"uagb-desc-text\">Galerii<\/p><h2 class=\"uagb-heading-text\">Vaata meie kauneid pilte Lohusalust <\/h2><\/div>\n\n\n\n<div class=\"wp-block-uagb-container uagb-layout-grid uagb-block-c8fe957d\">\n<div class=\"wp-block-uagb-container uagb-block-56bae6c5\">\n<div class=\"wp-block-uagb-image uagb-block-551cba16 wp-block-uagb-image--layout-default wp-block-uagb-image--effect-static wp-block-uagb-image--align-none\"><figure class=\"wp-block-uagb-image__figure\"><img decoding=\"async\" srcset=\"https:\/\/puhkukuslohusalus.ee\/wp-content\/uploads\/2025\/11\/IMG_20250822_134132-scaled.jpg ,https:\/\/puhkukuslohusalus.ee\/wp-content\/uploads\/2025\/11\/IMG_20250822_134132-scaled.jpg 780w, https:\/\/puhkukuslohusalus.ee\/wp-content\/uploads\/2025\/11\/IMG_20250822_134132-scaled.jpg 360w\" sizes=\"auto, (max-width: 480px) 150px\" src=\"https:\/\/puhkukuslohusalus.ee\/wp-content\/uploads\/2025\/11\/IMG_20250822_134132-scaled.jpg\" alt=\"IMG 20250822 134132 Scaled\" class=\"uag-image-14\" width=\"384\" height=\"250\" title=\"gallery-01\" loading=\"lazy\" role=\"img\"><\/figure><\/div>\n\n\n\n<div class=\"wp-block-uagb-image uagb-block-20744882 wp-block-uagb-image--layout-default wp-block-uagb-image--effect-static wp-block-uagb-image--align-none\"><figure class=\"wp-block-uagb-image__figure\"><img decoding=\"async\" srcset=\"https:\/\/puhkukuslohusalus.ee\/wp-content\/uploads\/2025\/11\/IMG_20250817_144345-scaled.jpg ,https:\/\/puhkukuslohusalus.ee\/wp-content\/uploads\/2025\/11\/IMG_20250817_144345-scaled.jpg 780w, https:\/\/puhkukuslohusalus.ee\/wp-content\/uploads\/2025\/11\/IMG_20250817_144345-scaled.jpg 360w\" sizes=\"auto, (max-width: 480px) 150px\" src=\"https:\/\/puhkukuslohusalus.ee\/wp-content\/uploads\/2025\/11\/IMG_20250817_144345-scaled.jpg\" alt=\"IMG 20250817 144345 Scaled\" class=\"uag-image-13\" width=\"384\" height=\"400\" title=\"gallery-04\" loading=\"lazy\" role=\"img\"><\/figure><\/div>\n<\/div>\n\n\n\n<div class=\"wp-block-uagb-container uagb-block-b0800c5a\">\n<div class=\"wp-block-uagb-image uagb-block-0ca2c933 wp-block-uagb-image--layout-default wp-block-uagb-image--effect-static wp-block-uagb-image--align-none\"><figure class=\"wp-block-uagb-image__figure\"><img decoding=\"async\" srcset=\"https:\/\/puhkukuslohusalus.ee\/wp-content\/uploads\/2025\/11\/IMG_20250814_211011-scaled.jpg ,https:\/\/puhkukuslohusalus.ee\/wp-content\/uploads\/2025\/11\/IMG_20250814_211011-scaled.jpg 780w, https:\/\/puhkukuslohusalus.ee\/wp-content\/uploads\/2025\/11\/IMG_20250814_211011-scaled.jpg 360w\" sizes=\"auto, (max-width: 480px) 150px\" src=\"https:\/\/puhkukuslohusalus.ee\/wp-content\/uploads\/2025\/11\/IMG_20250814_211011-scaled.jpg\" alt=\"IMG 20250814 211011 Scaled\" class=\"uag-image-12\" width=\"384\" height=\"500\" title=\"gallery-02\" loading=\"lazy\" role=\"img\"><\/figure><\/div>\n\n\n\n<div class=\"wp-block-uagb-image uagb-block-99ca4f99 wp-block-uagb-image--layout-default wp-block-uagb-image--effect-static wp-block-uagb-image--align-none\"><figure class=\"wp-block-uagb-image__figure\"><img decoding=\"async\" srcset=\"https:\/\/puhkukuslohusalus.ee\/wp-content\/uploads\/2025\/11\/IMG_20250606_092649-scaled.jpg ,https:\/\/puhkukuslohusalus.ee\/wp-content\/uploads\/2025\/11\/IMG_20250606_092649-scaled.jpg 780w, https:\/\/puhkukuslohusalus.ee\/wp-content\/uploads\/2025\/11\/IMG_20250606_092649-scaled.jpg 360w\" sizes=\"auto, (max-width: 480px) 150px\" src=\"https:\/\/puhkukuslohusalus.ee\/wp-content\/uploads\/2025\/11\/IMG_20250606_092649-scaled.jpg\" alt=\"IMG 20250606 092649 Scaled\" class=\"uag-image-11\" width=\"384\" height=\"250\" title=\"gallery-05\" loading=\"lazy\" role=\"img\"><\/figure><\/div>\n<\/div>\n\n\n\n<div class=\"wp-block-uagb-container uagb-block-a03a5b9c\">\n<div class=\"wp-block-uagb-image uagb-block-dbe8d80c wp-block-uagb-image--layout-default wp-block-uagb-image--effect-static wp-block-uagb-image--align-none\"><figure class=\"wp-block-uagb-image__figure\"><img decoding=\"async\" srcset=\"https:\/\/puhkukuslohusalus.ee\/wp-content\/uploads\/2025\/11\/IMG_20240829_140340-scaled.jpg ,https:\/\/puhkukuslohusalus.ee\/wp-content\/uploads\/2025\/11\/IMG_20240829_140340-scaled.jpg 780w, https:\/\/puhkukuslohusalus.ee\/wp-content\/uploads\/2025\/11\/IMG_20240829_140340-scaled.jpg 360w\" sizes=\"auto, (max-width: 480px) 150px\" src=\"https:\/\/puhkukuslohusalus.ee\/wp-content\/uploads\/2025\/11\/IMG_20240829_140340-scaled.jpg\" alt=\"IMG 20240829 140340 Scaled\" class=\"uag-image-10\" width=\"384\" height=\"350\" title=\"gallery-03\" loading=\"lazy\" role=\"img\"><\/figure><\/div>\n\n\n\n<div class=\"wp-block-uagb-image uagb-block-08b53316 wp-block-uagb-image--layout-default wp-block-uagb-image--effect-static wp-block-uagb-image--align-none\"><figure class=\"wp-block-uagb-image__figure\"><img decoding=\"async\" srcset=\"https:\/\/puhkukuslohusalus.ee\/wp-content\/uploads\/2025\/11\/IMG_20240829_132949-scaled.jpg ,https:\/\/puhkukuslohusalus.ee\/wp-content\/uploads\/2025\/11\/IMG_20240829_132949-scaled.jpg 780w, https:\/\/puhkukuslohusalus.ee\/wp-content\/uploads\/2025\/11\/IMG_20240829_132949-scaled.jpg 360w\" sizes=\"auto, (max-width: 480px) 150px\" src=\"https:\/\/puhkukuslohusalus.ee\/wp-content\/uploads\/2025\/11\/IMG_20240829_132949-scaled.jpg\" alt=\"IMG 20240829 132949 Scaled\" class=\"uag-image-9\" width=\"384\" height=\"300\" title=\"gallery-06\" loading=\"lazy\" role=\"img\"><\/figure><\/div>\n<\/div>\n<\/div>\n<\/div><\/div>\n\n\n\n<div class=\"wp-block-uagb-container uagb-block-0ab4cf6e alignfull uagb-is-root-container\"><div class=\"uagb-container-inner-blocks-wrap\">\n<div class=\"wp-block-uagb-image uagb-block-2802db7d wp-block-uagb-image--layout-default wp-block-uagb-image--effect-static wp-block-uagb-image--align-none\"><figure class=\"wp-block-uagb-image__figure\"><img decoding=\"async\" srcset=\"https:\/\/puhkukuslohusalus.ee\/wp-content\/uploads\/2025\/11\/IMG_20240829_161032-scaled.jpg ,https:\/\/puhkukuslohusalus.ee\/wp-content\/uploads\/2025\/11\/IMG_20240829_161032-scaled.jpg 780w, https:\/\/puhkukuslohusalus.ee\/wp-content\/uploads\/2025\/11\/IMG_20240829_161032-scaled.jpg 360w\" sizes=\"auto, (max-width: 480px) 150px\" src=\"https:\/\/puhkukuslohusalus.ee\/wp-content\/uploads\/2025\/11\/IMG_20240829_161032-scaled.jpg\" alt=\"IMG 20240829 161032 Scaled\" class=\"uag-image-8\" width=\"1200\" height=\"400\" title=\"testimonial-img\" loading=\"lazy\" role=\"img\"><\/figure><\/div>\n\n\n\n<div class=\"wp-block-uagb-container uagb-layout-grid uagb-block-c7acfdc8\">\n<div class=\"wp-block-uagb-advanced-heading uagb-block-9948cea3\"><p class=\"uagb-desc-text\">Kliendi Arvamused<\/p><h2 class=\"uagb-heading-text\">Mida r\u00e4\u00e4kivad meie rahulolevad k\u00fclalised<\/h2><\/div>\n\n\n\n<div class=\"wp-block-uagb-container uagb-block-529d28c3\">\n<div class=\"wp-block-uagb-info-box uagb-block-86b16e2c uagb-infobox__content-wrap  uagb-infobox-icon-above-title uagb-infobox-image-valign-top wp-block-uagb-info-box--has-margin\"><div class=\"uagb-infobox-margin-wrapper\"><div class=\"uagb-ifb-content\"><div class=\"uagb-ifb-icon-wrap\"><svg xmlns=\"https:\/\/www.w3.org\/2000\/svg\" viewBox=\"0 0 448 512\"><path d=\"M96 224C84.72 224 74.05 226.3 64 229.9V224c0-35.3 28.7-64 64-64c17.67 0 32-14.33 32-32S145.7 96 128 96C57.42 96 0 153.4 0 224v96c0 53.02 42.98 96 96 96s96-42.98 96-96S149 224 96 224zM352 224c-11.28 0-21.95 2.305-32 5.879V224c0-35.3 28.7-64 64-64c17.67 0 32-14.33 32-32s-14.33-32-32-32c-70.58 0-128 57.42-128 128v96c0 53.02 42.98 96 96 96s96-42.98 96-96S405 224 352 224z\"><\/path><\/svg><\/div><div class=\"uagb-ifb-title-wrap\"><p class=\"uagb-ifb-title\">Ristikivi maja on t\u00f5eline rahu olemise koht. Nautisin iga hetke, mida seal veetsin.<\/p><\/div><p class=\"uagb-ifb-desc\">Markus Kask<\/p><div class=\"uagb-ifb-separator\"><\/div><\/div><\/div><\/div>\n\n\n\n<div class=\"wp-block-uagb-info-box uagb-block-0772d731 uagb-infobox__content-wrap  uagb-infobox-icon-above-title uagb-infobox-image-valign-top\"><div class=\"uagb-ifb-content\"><div class=\"uagb-ifb-icon-wrap\"><svg xmlns=\"https:\/\/www.w3.org\/2000\/svg\" viewBox=\"0 0 448 512\"><path d=\"M96 224C84.72 224 74.05 226.3 64 229.9V224c0-35.3 28.7-64 64-64c17.67 0 32-14.33 32-32S145.7 96 128 96C57.42 96 0 153.4 0 224v96c0 53.02 42.98 96 96 96s96-42.98 96-96S149 224 96 224zM352 224c-11.28 0-21.95 2.305-32 5.879V224c0-35.3 28.7-64 64-64c17.67 0 32-14.33 32-32s-14.33-32-32-32c-70.58 0-128 57.42-128 128v96c0 53.02 42.98 96 96 96s96-42.98 96-96S405 224 352 224z\"><\/path><\/svg><\/div><div class=\"uagb-ifb-title-wrap\"><p class=\"uagb-ifb-title\">Imeline teenindus ja kaunis asukoht. Kindlasti tuleme tagasi!<\/p><\/div><p class=\"uagb-ifb-desc\">Liina Tamm<\/p><\/div><\/div>\n<\/div>\n<\/div>\n<\/div><\/div>\n\n\n\n<div class=\"wp-block-uagb-container uagb-block-9c27b936 alignfull uagb-is-root-container\"><div class=\"uagb-container-inner-blocks-wrap\">\n<div class=\"wp-block-uagb-info-box uagb-block-51fe0c8f uagb-infobox__content-wrap  uagb-infobox-icon-above-title uagb-infobox-image-valign-top\"><div class=\"uagb-ifb-content\"><div class=\"uagb-ifb-title-wrap\"><h2 class=\"uagb-ifb-title\">\u00c4ra j\u00e4ta kasutamata v\u00f5imalust!<\/h2><\/div><p class=\"uagb-ifb-desc\">Broneeri oma unistuste puhkuse kohal juba t\u00e4na ja naudi Lohusaluse rahu!<\/p><div class=\"uagb-ifb-button-wrapper wp-block-button\"><a href=\"\/contact\/\" class=\"uagb-infobox-cta-link wp-block-button__link\" target=\"_self\" rel=\"noopener noreferrer\" onclick=\"return true;\" alt=\"\"><span class=\"uagb-inline-editing\">Broneeri n\u00fc\u00fcd<\/span><\/a><\/div><\/div><\/div>\n<\/div><\/div>\n","protected":false},"excerpt":{"rendered":"<p>Meie Teenused Avasta meie pakutavad majutus ja teenused 01 Hubane majutus 02 Vaba aja tegevused 03 L\u00f5kke- ja grillimisala Meie [&hellip;]<\/p>\n","protected":false},"author":1,"featured_media":0,"parent":0,"menu_order":0,"comment_status":"closed","ping_status":"closed","template":"","meta":{"_uag_custom_page_level_css":"","site-sidebar-layout":"default","site-content-layout":"","ast-site-content-layout":"default","site-content-style":"default","site-sidebar-style":"default","ast-global-header-display":"","ast-banner-title-visibility":"","ast-main-header-display":"","ast-hfb-above-header-display":"","ast-hfb-below-header-display":"","ast-hfb-mobile-header-display":"","site-post-title":"disabled","ast-breadcrumbs-content":"","ast-featured-img":"","footer-sml-layout":"","theme-transparent-header-meta":"","adv-header-id-meta":"","stick-header-meta":"","header-above-stick-meta":"","header-main-stick-meta":"","header-below-stick-meta":"","astra-migrate-meta-layouts":"default","ast-page-background-enabled":"default","ast-page-background-meta":{"desktop":{"background-color":"var(--ast-global-color-4)","background-image":"","background-repeat":"repeat","background-position":"center center","background-size":"auto","background-attachment":"scroll","background-type":"","background-media":"","overlay-type":"","overlay-color":"","overlay-opacity":"","overlay-gradient":""},"tablet":{"background-color":"","background-image":"","background-repeat":"repeat","background-position":"center center","background-size":"auto","background-attachment":"scroll","background-type":"","background-media":"","overlay-type":"","overlay-color":"","overlay-opacity":"","overlay-gradient":""},"mobile":{"background-color":"","background-image":"","background-repeat":"repeat","background-position":"center center","background-size":"auto","background-attachment":"scroll","background-type":"","background-media":"","overlay-type":"","overlay-color":"","overlay-opacity":"","overlay-gradient":""}},"ast-content-background-meta":{"desktop":{"background-color":"var(--ast-global-color-5)","background-image":"","background-repeat":"repeat","background-position":"center center","background-size":"auto","background-attachment":"scroll","background-type":"","background-media":"","overlay-type":"","overlay-color":"","overlay-opacity":"","overlay-gradient":""},"tablet":{"background-color":"var(--ast-global-color-5)","background-image":"","background-repeat":"repeat","background-position":"center center","background-size":"auto","background-attachment":"scroll","background-type":"","background-media":"","overlay-type":"","overlay-color":"","overlay-opacity":"","overlay-gradient":""},"mobile":{"background-color":"var(--ast-global-color-5)","background-image":"","background-repeat":"repeat","background-position":"center center","background-size":"auto","background-attachment":"scroll","background-type":"","background-media":"","overlay-type":"","overlay-color":"","overlay-opacity":"","overlay-gradient":""}},"footnotes":""},"class_list":["post-255","page","type-page","status-publish","hentry"],"uagb_featured_image_src":{"full":false,"thumbnail":false,"medium":false,"medium_large":false,"large":false,"1536x1536":false,"2048x2048":false},"uagb_author_info":{"display_name":"PuhkusLohusalus","author_link":"https:\/\/puhkukuslohusalus.ee\/?author=1"},"uagb_comment_info":0,"uagb_excerpt":"Meie Teenused Avasta meie pakutavad majutus ja teenused 01 Hubane majutus 02 Vaba aja tegevused 03 L\u00f5kke- ja grillimisala Meie [&hellip;]","_links":{"self":[{"href":"https:\/\/puhkukuslohusalus.ee\/index.php?rest_route=\/wp\/v2\/pages\/255","targetHints":{"allow":["GET"]}}],"collection":[{"href":"https:\/\/puhkukuslohusalus.ee\/index.php?rest_route=\/wp\/v2\/pages"}],"about":[{"href":"https:\/\/puhkukuslohusalus.ee\/index.php?rest_route=\/wp\/v2\/types\/page"}],"author":[{"embeddable":true,"href":"https:\/\/puhkukuslohusalus.ee\/index.php?rest_route=\/wp\/v2\/users\/1"}],"replies":[{"embeddable":true,"href":"https:\/\/puhkukuslohusalus.ee\/index.php?rest_route=%2Fwp%2Fv2%2Fcomments&post=255"}],"version-history":[{"count":5,"href":"https:\/\/puhkukuslohusalus.ee\/index.php?rest_route=\/wp\/v2\/pages\/255\/revisions"}],"predecessor-version":[{"id":562,"href":"https:\/\/puhkukuslohusalus.ee\/index.php?rest_route=\/wp\/v2\/pages\/255\/revisions\/562"}],"wp:attachment":[{"href":"https:\/\/puhkukuslohusalus.ee\/index.php?rest_route=%2Fwp%2Fv2%2Fmedia&parent=255"}],"curies":[{"name":"wp","href":"https:\/\/api.w.org\/{rel}","templated":true}]}}